{"id":7818,"date":"2025-08-29T10:24:50","date_gmt":"2025-08-29T10:24:50","guid":{"rendered":"https:\/\/hoangdangfood.com\/?post_type=product&#038;p=7818"},"modified":"2025-11-26T04:35:17","modified_gmt":"2025-11-26T04:35:17","slug":"banh-thuyen-healthy-zing-truyen-thong","status":"publish","type":"product","link":"https:\/\/hoangdangfood.com\/san-pham\/banh-thuyen-healthy-zing-truyen-thong\/","title":{"rendered":"B\u00e1nh Thuy\u1ec1n Healthy Zing Truy\u1ec1n Th\u1ed1ng"},"content":{"rendered":"<p data-start=\"308\" data-end=\"422\"><strong data-start=\"308\" data-end=\"323\">T\u00ean s\u1ea3n ph\u1ea9m:<\/strong> B\u00e1nh Thuy\u1ec1n Mix H\u1ea1t Dinh D\u01b0\u1ee1ng Healthy Zing Truy\u1ec1n Th\u1ed1ng<\/p>\n<p data-start=\"308\" data-end=\"422\"><strong data-start=\"308\" data-end=\"323\">Th\u00e0nh ph\u1ea7n:<\/strong> \u0110\u1ebf b\u00e1nh, h\u1ea1t \u0111i\u1ec1u, h\u1ea1nh nh\u00e2n, g\u1ea1o l\u1ee9t, h\u1ea1t b\u00ed xanh, h\u1ea1t macca, h\u1ea1t m\u00e8, m\u1eadt ong r\u1eebng nguy\u00ean ch\u1ea5t.<\/p>\n<p data-start=\"424\" data-end=\"711\"><strong data-start=\"424\" data-end=\"443\">M\u00f4 t\u1ea3 s\u1ea3n ph\u1ea9m:<\/strong><br data-start=\"443\" data-end=\"446\" \/>B\u00e1nh Thuy\u1ec1n Healthy Zing Truy\u1ec1n Th\u1ed1ng l\u00e0 s\u1ef1 l\u1ef1a ch\u1ecdn ho\u00e0n h\u1ea3o cho nh\u1eefng ai y\u00eau th\u00edch l\u1ed1i s\u1ed1ng l\u00e0nh m\u1ea1nh. V\u1edbi s\u1ef1 k\u1ebft h\u1ee3p t\u1eeb c\u00e1c lo\u1ea1i h\u1ea1t dinh d\u01b0\u1ee1ng h\u1eefu c\u01a1 cao c\u1ea5p nh\u01b0 h\u1ea1t \u0111i\u1ec1u, h\u1ea1nh nh\u00e2n, macca, g\u1ea1o l\u1ee9t\u2026 b\u00e1nh mang \u0111\u1ebfn h\u01b0\u01a1ng v\u1ecb b\u00e9o b\u00f9i, gi\u00f2n tan v\u00e0 gi\u00e0u d\u01b0\u1ee1ng ch\u1ea5t.<\/p>\n<p data-start=\"713\" data-end=\"989\">\u0110\u1eb7c bi\u1ec7t, s\u1ea3n ph\u1ea9m kh\u00f4ng ch\u1ee9a \u0111\u01b0\u1eddng, ch\u1ec9 kho\u1ea3ng 90 calo\/chi\u1ebfc, gi\u00fap b\u1ea1n th\u01b0\u1edfng th\u1ee9c tho\u1ea3i m\u00e1i m\u00e0 kh\u00f4ng lo t\u0103ng c\u00e2n. V\u1ecb ng\u1ecdt thanh t\u1ef1 nhi\u00ean t\u1eeb m\u1eadt ong r\u1eebng nguy\u00ean ch\u1ea5t h\u00f2a quy\u1ec7n c\u00f9ng gi\u00f2n th\u01a1m c\u1ee7a c\u00e1c lo\u1ea1i h\u1ea1t, t\u1ea1o n\u00ean m\u00f3n \u0103n v\u1eb7t healthy, no l\u00e2u, tr\u00e0n \u0111\u1ea7y n\u0103ng l\u01b0\u1ee3ng.<\/p>\n<p data-start=\"991\" data-end=\"1173\">Bao b\u00ec d\u1ea1ng t\u00fai zip ti\u1ec7n l\u1ee3i, nh\u1ecf g\u1ecdn, d\u1ec5 mang theo khi \u0111i l\u00e0m, \u0111i h\u1ecdc ho\u1eb7c t\u1eadp luy\u1ec7n th\u1ec3 thao. \u0110\u00e2y c\u0169ng l\u00e0 l\u1ef1a ch\u1ecdn tuy\u1ec7t v\u1eddi cho b\u1eefa s\u00e1ng nh\u1eb9 nh\u00e0ng ho\u1eb7c m\u00f3n \u0103n x\u1ebf chi\u1ec1u b\u1ed5 d\u01b0\u1ee1ng.<\/p>\n<p data-start=\"1175\" data-end=\"1200\"><strong data-start=\"1175\" data-end=\"1198\">Th\u00f4ng tin s\u1ea3n ph\u1ea9m:<\/strong><\/p>\n<ul data-start=\"1201\" data-end=\"1463\">\n<li data-start=\"1201\" data-end=\"1222\">\n<p data-start=\"1203\" data-end=\"1222\">Quy c\u00e1ch: T\u00fai zip<\/p>\n<\/li>\n<li data-start=\"1223\" data-end=\"1244\">\n<p data-start=\"1225\" data-end=\"1244\">Kh\u1ed1i l\u01b0\u1ee3ng: 250gr<\/p>\n<\/li>\n<li data-start=\"1245\" data-end=\"1266\">\n<p data-start=\"1247\" data-end=\"1266\">Xu\u1ea5t x\u1ee9: Vi\u1ec7t Nam<\/p>\n<\/li>\n<li data-start=\"1267\" data-end=\"1311\">\n<p data-start=\"1269\" data-end=\"1311\">H\u1ea1n s\u1eed d\u1ee5ng: 6 th\u00e1ng k\u1ec3 t\u1eeb ng\u00e0y \u0111\u00f3ng g\u00f3i<\/p>\n<\/li>\n<li data-start=\"1312\" data-end=\"1342\">\n<p data-start=\"1314\" data-end=\"1342\">C\u00e1ch s\u1eed d\u1ee5ng: \u0102n tr\u1ef1c ti\u1ebfp<\/p>\n<\/li>\n<li data-start=\"1343\" data-end=\"1463\">\n<p data-start=\"1345\" data-end=\"1463\">C\u00e1ch b\u1ea3o qu\u1ea3n: \u0110\u1ec3 n\u01a1i tho\u00e1ng m\u00e1t, tr\u00e1nh h\u01a1i \u1ea9m v\u00e0 \u00e1nh n\u1eafng tr\u1ef1c ti\u1ebfp; \u0111\u00f3ng k\u00edn sau khi d\u00f9ng; c\u00f3 th\u1ec3 \u0111\u1ec3 t\u1ee7 l\u1ea1nh \u0111\u1ec3 gi\u1eef l\u00e2u h\u01a1n.<\/p>\n<\/li>\n<\/ul>\n<p data-start=\"1465\" data-end=\"1495\"><strong data-start=\"1465\" data-end=\"1493\">Cam k\u1ebft t\u1eeb Healthy Zing:<\/strong><\/p>\n<ul data-start=\"1496\" data-end=\"1764\">\n<li data-start=\"1496\" data-end=\"1569\">\n<p data-start=\"1498\" data-end=\"1569\">Nguy\u00ean li\u1ec7u h\u1eefu c\u01a1, ngu\u1ed3n g\u1ed1c r\u00f5 r\u00e0ng, c\u00f3 h\u00f3a \u0111\u01a1n ch\u1ee9ng t\u1eeb nh\u1eadp kh\u1ea9u.<\/p>\n<\/li>\n<li data-start=\"1570\" data-end=\"1625\">\n<p data-start=\"1572\" data-end=\"1625\">Ch\u1ebf bi\u1ebfn theo ti\u00eau chu\u1ea9n v\u1ec7 sinh an to\u00e0n th\u1ef1c ph\u1ea9m.<\/p>\n<\/li>\n<li data-start=\"1626\" data-end=\"1700\">\n<p data-start=\"1628\" data-end=\"1700\">\u0110\u0103ng k\u00fd m\u00e3 v\u1ea1ch, c\u00f4ng b\u1ed1 s\u1ea3n ph\u1ea9m \u0111\u1ea7y \u0111\u1ee7, d\u1ec5 d\u00e0ng truy xu\u1ea5t ngu\u1ed3n g\u1ed1c.<\/p>\n<\/li>\n<li data-start=\"1701\" data-end=\"1764\">\n<p data-start=\"1703\" data-end=\"1764\">H\u1ed7 tr\u1ee3 kh\u00e1ch h\u00e0ng t\u1eadn t\u00e2m tr\u01b0\u1edbc \u2013 trong \u2013 sau khi mua h\u00e0ng.<\/p>\n<\/li>\n<\/ul>\n","protected":false},"excerpt":{"rendered":"<p>T\u00ean s\u1ea3n ph\u1ea9m: B\u00e1nh Thuy\u1ec1n Mix H\u1ea1t Dinh D\u01b0\u1ee1ng Healthy Zing Truy\u1ec1n Th\u1ed1ng Th\u00e0nh ph\u1ea7n: \u0110\u1ebf b\u00e1nh, h\u1ea1t \u0111i\u1ec1u, h\u1ea1nh nh\u00e2n, g\u1ea1o l\u1ee9t, h\u1ea1t b\u00ed xanh, h\u1ea1t macca, h\u1ea1t m\u00e8, m\u1eadt ong r\u1eebng nguy\u00ean ch\u1ea5t. M\u00f4 t\u1ea3 s\u1ea3n ph\u1ea9m:B\u00e1nh Thuy\u1ec1n Healthy Zing Truy\u1ec1n Th\u1ed1ng l\u00e0 s\u1ef1 l\u1ef1a ch\u1ecdn ho\u00e0n h\u1ea3o cho nh\u1eefng ai y\u00eau th\u00edch [&hellip;]<\/p>\n","protected":false},"featured_media":7819,"comment_status":"open","ping_status":"closed","template":"","meta":[],"product_brand":[252],"product_cat":[253],"product_tag":[],"class_list":{"0":"post-7818","1":"product","2":"type-product","3":"status-publish","4":"has-post-thumbnail","6":"product_brand-healthy-zing","7":"product_cat-healthy-zing-vi","9":"first","10":"instock","11":"shipping-taxable","12":"product-type-simple"},"jetpack_sharing_enabled":true,"_links":{"self":[{"href":"https:\/\/hoangdangfood.com\/wp-json\/wp\/v2\/product\/7818","targetHints":{"allow":["GET"]}}],"collection":[{"href":"https:\/\/hoangdangfood.com\/wp-json\/wp\/v2\/product"}],"about":[{"href":"https:\/\/hoangdangfood.com\/wp-json\/wp\/v2\/types\/product"}],"replies":[{"embeddable":true,"href":"https:\/\/hoangdangfood.com\/wp-json\/wp\/v2\/comments?post=7818"}],"version-history":[{"count":3,"href":"https:\/\/hoangdangfood.com\/wp-json\/wp\/v2\/product\/7818\/revisions"}],"predecessor-version":[{"id":7821,"href":"https:\/\/hoangdangfood.com\/wp-json\/wp\/v2\/product\/7818\/revisions\/7821"}],"wp:featuredmedia":[{"embeddable":true,"href":"https:\/\/hoangdangfood.com\/wp-json\/wp\/v2\/media\/7819"}],"wp:attachment":[{"href":"https:\/\/hoangdangfood.com\/wp-json\/wp\/v2\/media?parent=7818"}],"wp:term":[{"taxonomy":"product_brand","embeddable":true,"href":"https:\/\/hoangdangfood.com\/wp-json\/wp\/v2\/product_brand?post=7818"},{"taxonomy":"product_cat","embeddable":true,"href":"https:\/\/hoangdangfood.com\/wp-json\/wp\/v2\/product_cat?post=7818"},{"taxonomy":"product_tag","embeddable":true,"href":"https:\/\/hoangdangfood.com\/wp-json\/wp\/v2\/product_tag?post=7818"}],"curies":[{"name":"wp","href":"https:\/\/api.w.org\/{rel}","templated":true}]}}